{"id":49,"date":"2025-11-08T12:19:04","date_gmt":"2025-11-08T11:19:04","guid":{"rendered":"https:\/\/antoniomilesi-xsidp.wpcomstaging.com\/about-2\/"},"modified":"2026-03-06T10:25:24","modified_gmt":"2026-03-06T09:25:24","slug":"about-2","status":"publish","type":"page","link":"https:\/\/www.antoniomilesifineart.com\/en\/about-2\/","title":{"rendered":""},"content":{"rendered":"<div class=\"wp-block-columns alignwide is-style-default has-custom-ice-melt-background-color has-background is-layout-flex wp-container-core-columns-is-layout-25d65503 wp-block-columns-is-layout-flex\" style=\"border-style:none;border-width:0px;margin-top:0;margin-bottom:0;padding-top:0;padding-right:0;padding-bottom:0;padding-left:0\">\n<div class=\"wp-block-column is-vertically-aligned-center is-layout-flow wp-block-column-is-layout-flow\" style=\"flex-basis:45%\">\n<figure class=\"wp-block-image aligncenter size-large\"><img loading=\"lazy\" decoding=\"async\" width=\"683\" height=\"1024\" src=\"https:\/\/www.antoniomilesifineart.com\/wp-content\/uploads\/2026\/02\/Ritratto_01_small-683x1024.jpg\" alt=\"Antonio Milesi Fotografo Pittorialista Contemporaneo\" class=\"wp-image-1096\" style=\"aspect-ratio:3\/4;object-fit:cover\" srcset=\"https:\/\/www.antoniomilesifineart.com\/wp-content\/uploads\/2026\/02\/Ritratto_01_small-683x1024.jpg 683w, https:\/\/www.antoniomilesifineart.com\/wp-content\/uploads\/2026\/02\/Ritratto_01_small-200x300.jpg 200w, https:\/\/www.antoniomilesifineart.com\/wp-content\/uploads\/2026\/02\/Ritratto_01_small-768x1152.jpg 768w, https:\/\/www.antoniomilesifineart.com\/wp-content\/uploads\/2026\/02\/Ritratto_01_small.jpg 1000w\" sizes=\"auto, (max-width: 683px) 100vw, 683px\" \/><\/figure>\n<\/div>\n\n\n\n<div class=\"wp-block-column is-vertically-aligned-center has-theme-2-color has-text-color has-link-color wp-elements-083e4ca6e351de41ce556754fa450a10 is-layout-flow wp-block-column-is-layout-flow\" style=\"padding-top:var(--wp--preset--spacing--50);padding-right:var(--wp--preset--spacing--60);padding-bottom:var(--wp--preset--spacing--50);padding-left:var(--wp--preset--spacing--60);flex-basis:55%\">\n<p class=\"has-text-align-center has-text-color has-link-color has-theme-4-color wp-elements-92e20c211adb1a952e51aec68fd5d731 wp-block-paragraph translation-block\" style=\"font-size:clamp(14px, 0.875rem + ((1vw - 3.2px) * 0.588), 20px);font-style:normal;font-weight:400;letter-spacing:1px;line-height:1.6;text-indent:0px\">Antonio Milesi is a <strong>contemporary pictorialist photographer<\/strong> whose work is profoundly <strong>inspired by Romantic painting<\/strong>. His research investigates the mystery enveloping every form and the intrinsic beauty of nature, from the smallest detail to the vastness of the landscape.<\/p>\n\n\n\n<p class=\"has-text-align-center has-text-color has-link-color has-theme-4-color wp-elements-49496b2a709845b86a2b790e04d51199 wp-block-paragraph\" style=\"font-size:clamp(14px, 0.875rem + ((1vw - 3.2px) * 0.588), 20px);font-style:normal;font-weight:400;letter-spacing:1px;line-height:1.6;text-indent:0px\"><span class=\"has-superb-addons-text-align-justify\">His background is unique: following a degree in Economics, he cultivated a deep interest in the mysteries of the human soul, meditation, and Eastern cultures \u2014 influences that are clearly reflected in his artistic sensitivity and his metaphysical perception of the world.<\/span><\/p>\n\n\n\n<p class=\"has-text-align-center has-text-color has-link-color has-theme-4-color wp-elements-ce3bb8f253c5265ab301fa9dfda7c263 wp-block-paragraph\" style=\"font-size:clamp(14px, 0.875rem + ((1vw - 3.2px) * 0.588), 20px);font-style:normal;font-weight:400;letter-spacing:1px;line-height:1.6;text-indent:0px\"><span class=\"has-superb-addons-text-align-justify\">He developed his solid photographic technique through professional work as a portrait and studio still-life photographer. This experience provided him with the necessary mastery to translate his vision into nuanced images, where light, shadow, and composition merge to lead the observer toward a deeper reflection, revealing that which vibrates beyond appearances.<\/span><\/p>\n\n\n\n<div class=\"wp-block-buttons alignwide is-content-justification-center is-layout-flex wp-container-core-buttons-is-layout-35f06ea7 wp-block-buttons-is-layout-flex\">\n<div class=\"wp-block-button\"><a class=\"wp-block-button__link has-custom-color-1-color has-custom-lemon-icing-background-color has-text-color has-background has-link-color has-text-align-center has-custom-font-size wp-element-button\" href=\"https:\/\/www.instagram.com\/antoniomilesi\/\" style=\"border-width:3px;font-size:clamp(15.747px, 0.984rem + ((1vw - 3.2px) * 0.809), 24px);\">Follow me on Instagram<\/a><\/div>\n<\/div>\n<\/div>\n<\/div>\n\n\n\n<p class=\"wp-block-paragraph\"><\/p>","protected":false},"excerpt":{"rendered":"<p>Antonio Milesi \u00e8 un fotografo pittorialista contemporaneo fortemente ispirato dalla pittura romantica egli indaga il mistero che avvolge ogni forma e la bellezza intrinseca della natura, dal pi\u00f9 piccolo dettaglio alla grandiosit\u00e0 del paesaggio. Il suo percorso formativo \u00e8 atipico: dopo aver completato un corso di studi scientifici che lo ha portato a laurearsi in [&hellip;]<\/p>\n","protected":false},"author":1,"featured_media":0,"parent":0,"menu_order":0,"comment_status":"closed","ping_status":"closed","template":"","meta":{"_crdt_document":"","footnotes":""},"class_list":["post-49","page","type-page","status-publish","hentry"],"jetpack_sharing_enabled":true,"_links":{"self":[{"href":"https:\/\/www.antoniomilesifineart.com\/en\/wp-json\/wp\/v2\/pages\/49","targetHints":{"allow":["GET"]}}],"collection":[{"href":"https:\/\/www.antoniomilesifineart.com\/en\/wp-json\/wp\/v2\/pages"}],"about":[{"href":"https:\/\/www.antoniomilesifineart.com\/en\/wp-json\/wp\/v2\/types\/page"}],"author":[{"embeddable":true,"href":"https:\/\/www.antoniomilesifineart.com\/en\/wp-json\/wp\/v2\/users\/1"}],"replies":[{"embeddable":true,"href":"https:\/\/www.antoniomilesifineart.com\/en\/wp-json\/wp\/v2\/comments?post=49"}],"version-history":[{"count":25,"href":"https:\/\/www.antoniomilesifineart.com\/en\/wp-json\/wp\/v2\/pages\/49\/revisions"}],"predecessor-version":[{"id":1356,"href":"https:\/\/www.antoniomilesifineart.com\/en\/wp-json\/wp\/v2\/pages\/49\/revisions\/1356"}],"wp:attachment":[{"href":"https:\/\/www.antoniomilesifineart.com\/en\/wp-json\/wp\/v2\/media?parent=49"}],"curies":[{"name":"wp","href":"https:\/\/api.w.org\/{rel}","templated":true}]}}